{"id":9,"date":"2013-02-14T11:26:21","date_gmt":"2013-02-14T11:26:21","guid":{"rendered":"http:\/\/sofar-ujsag.hu\/wordpress\/?page_id=9"},"modified":"2022-11-23T11:07:44","modified_gmt":"2022-11-23T10:07:44","slug":"videogaleria","status":"publish","type":"page","link":"https:\/\/sofar-ujsag.hu\/?page_id=9","title":{"rendered":"Vide\u00f3k \u00e9s hangok"},"content":{"rendered":"<h1 class=\"title style-scope ytd-video-primary-info-renderer\">M\u00e1rt\u00edrok eml\u00e9knapja &#8211; ima (Rosenfeld D\u00e1niel)<\/h1>\n<p><iframe loading=\"lazy\" title=\"M\u00e1rt\u00edrok eml\u00e9knapja - ima  (Rosenfeld D\u00e1niel) - 2019. j\u00fan. 16.\" width=\"480\" height=\"270\" src=\"https:\/\/www.youtube.com\/embed\/6pPsklqRaZk?feature=oembed\" frameborder=\"0\" allow=\"accelerometer; autoplay; clipboard-write; encrypted-media; gyroscope; picture-in-picture; web-share\" referrerpolicy=\"strict-origin-when-cross-origin\" allowfullscreen><\/iframe><\/p>\n<h1 class=\"title style-scope ytd-video-primary-info-renderer\">Ima az \u00e1ldozatok\u00e9rt (Rosenfeld D\u00e1niel)<\/h1>\n<p><iframe loading=\"lazy\" title=\"Ima az \u00e1ldozatok\u00e9rt (Rosenfeld D\u00e1niel) - 2019. j\u00fanius 16.\" width=\"480\" height=\"270\" src=\"https:\/\/www.youtube.com\/embed\/uI_poCxt1o0?feature=oembed\" frameborder=\"0\" allow=\"accelerometer; autoplay; clipboard-write; encrypted-media; gyroscope; picture-in-picture; web-share\" referrerpolicy=\"strict-origin-when-cross-origin\" allowfullscreen><\/iframe><\/p>\n<h1 class=\"title style-scope ytd-video-primary-info-renderer\">Kaddis az eml\u00e9kfal el\u0151tt (2019. j\u00fan. 16.) &#8211; ny\u00edregyh\u00e1zi zsid\u00f3 temet\u0151<\/h1>\n<p><iframe loading=\"lazy\" title=\"Kaddis az eml\u00e9kfal el\u0151tt (2019. j\u00fan. 16.) - ny\u00edregyh\u00e1zi zsid\u00f3 temet\u0151\" width=\"480\" height=\"270\" src=\"https:\/\/www.youtube.com\/embed\/orML2lfeoxc?feature=oembed\" frameborder=\"0\" allow=\"accelerometer; autoplay; clipboard-write; encrypted-media; gyroscope; picture-in-picture; web-share\" referrerpolicy=\"strict-origin-when-cross-origin\" allowfullscreen><\/iframe><\/p>\n<h1>Hanuka 2018. (1. r\u00e9sz)<\/h1>\n<p><iframe loading=\"lazy\" title=\"Hanuka 2018. (1. r\u00e9sz)\" width=\"480\" height=\"270\" src=\"https:\/\/www.youtube.com\/embed\/SDrjTa9oLa0?start=2&#038;feature=oembed\" frameborder=\"0\" allow=\"accelerometer; autoplay; clipboard-write; encrypted-media; gyroscope; picture-in-picture; web-share\" referrerpolicy=\"strict-origin-when-cross-origin\" allowfullscreen><\/iframe><\/p>\n<h1>Hanuka 2018. (2. r\u00e9sz)<\/h1>\n<p><iframe loading=\"lazy\" title=\"Hanuka 2018. (2. r\u00e9sz)\" width=\"480\" height=\"270\" src=\"https:\/\/www.youtube.com\/embed\/7Afg17lilf4?feature=oembed\" frameborder=\"0\" allow=\"accelerometer; autoplay; clipboard-write; encrypted-media; gyroscope; picture-in-picture; web-share\" referrerpolicy=\"strict-origin-when-cross-origin\" allowfullscreen><\/iframe><\/p>\n<h1>Hanuka 2018. (3. r\u00e9sz)<\/h1>\n<p><iframe loading=\"lazy\" title=\"Hanuka 2018. (3. r\u00e9sz)\" width=\"480\" height=\"270\" src=\"https:\/\/www.youtube.com\/embed\/3bXsBLwkYrk?feature=oembed\" frameborder=\"0\" allow=\"accelerometer; autoplay; clipboard-write; encrypted-media; gyroscope; picture-in-picture; web-share\" referrerpolicy=\"strict-origin-when-cross-origin\" allowfullscreen><\/iframe><\/p>\n<h1>Hanuka 2018. (4. r\u00e9sz)<\/h1>\n<p><iframe loading=\"lazy\" title=\"Hanuka 2018. (4. r\u00e9sz)\" width=\"480\" height=\"270\" src=\"https:\/\/www.youtube.com\/embed\/5gmk16edjwM?feature=oembed\" frameborder=\"0\" allow=\"accelerometer; autoplay; clipboard-write; encrypted-media; gyroscope; picture-in-picture; web-share\" referrerpolicy=\"strict-origin-when-cross-origin\" allowfullscreen><\/iframe><\/p>\n<h1>Hanuka 2018. (5. r\u00e9sz)<\/h1>\n<p><iframe loading=\"lazy\" title=\"Hanuka 2018. (5. r\u00e9sz)\" width=\"480\" height=\"270\" src=\"https:\/\/www.youtube.com\/embed\/b3fXL7olkY4?feature=oembed\" frameborder=\"0\" allow=\"accelerometer; autoplay; clipboard-write; encrypted-media; gyroscope; picture-in-picture; web-share\" referrerpolicy=\"strict-origin-when-cross-origin\" allowfullscreen><\/iframe><\/p>\n<h1>Hanuka 2018. (6. r\u00e9sz)<\/h1>\n<p><iframe loading=\"lazy\" title=\"Hanuka 2018. (6. r\u00e9sz)\" width=\"480\" height=\"270\" src=\"https:\/\/www.youtube.com\/embed\/dWM4sIJec0Q?feature=oembed\" frameborder=\"0\" allow=\"accelerometer; autoplay; clipboard-write; encrypted-media; gyroscope; picture-in-picture; web-share\" referrerpolicy=\"strict-origin-when-cross-origin\" allowfullscreen><\/iframe><\/p>\n<h1>Hanuka 2018. (7. r\u00e9sz)<\/h1>\n<p><iframe loading=\"lazy\" title=\"Hanuka 2018. (7. r\u00e9sz)\" width=\"480\" height=\"270\" src=\"https:\/\/www.youtube.com\/embed\/anJkaD-HXqg?feature=oembed\" frameborder=\"0\" allow=\"accelerometer; autoplay; clipboard-write; encrypted-media; gyroscope; picture-in-picture; web-share\" referrerpolicy=\"strict-origin-when-cross-origin\" allowfullscreen><\/iframe><\/p>\n<h1>Hanuka 2018. (8. r\u00e9sz)<\/h1>\n<p><iframe loading=\"lazy\" title=\"Hanuka 2018. (8. r\u00e9sz)\" width=\"480\" height=\"270\" src=\"https:\/\/www.youtube.com\/embed\/6AnF9KAiEhk?feature=oembed\" frameborder=\"0\" allow=\"accelerometer; autoplay; clipboard-write; encrypted-media; gyroscope; picture-in-picture; web-share\" referrerpolicy=\"strict-origin-when-cross-origin\" allowfullscreen><\/iframe><\/p>\n<h1>Hanuka 2018. (9. r\u00e9sz)<\/h1>\n<p><iframe loading=\"lazy\" title=\"Hanuka 2018. (9. r\u00e9sz)\" width=\"480\" height=\"270\" src=\"https:\/\/www.youtube.com\/embed\/muK7k_z5DoE?feature=oembed\" frameborder=\"0\" allow=\"accelerometer; autoplay; clipboard-write; encrypted-media; gyroscope; picture-in-picture; web-share\" referrerpolicy=\"strict-origin-when-cross-origin\" allowfullscreen><\/iframe><\/p>\n<h1>A 70. \u00e9ves Izrael (1. r\u00e9sz)<\/h1>\n<p><iframe loading=\"lazy\" title=\"Izrael 70. \u00e9ves (1. r\u00e9sz)\" width=\"480\" height=\"270\" src=\"https:\/\/www.youtube.com\/embed\/1C2tnecuBZg?feature=oembed\" frameborder=\"0\" allow=\"accelerometer; autoplay; clipboard-write; encrypted-media; gyroscope; picture-in-picture; web-share\" referrerpolicy=\"strict-origin-when-cross-origin\" allowfullscreen><\/iframe><\/p>\n<h1>A 70. \u00e9ves Izrael (2. r\u00e9sz)<\/h1>\n<p><iframe loading=\"lazy\" title=\"Izrael 70. \u00e9ves (2. r\u00e9sz)\" width=\"480\" height=\"270\" src=\"https:\/\/www.youtube.com\/embed\/kFDU8ZDXVCg?feature=oembed\" frameborder=\"0\" allow=\"accelerometer; autoplay; clipboard-write; encrypted-media; gyroscope; picture-in-picture; web-share\" referrerpolicy=\"strict-origin-when-cross-origin\" allowfullscreen><\/iframe><\/p>\n<hr>\n<table style=\"height: 3590px;\" width=\"710\">\n<tbody>\n<tr>\n<td>\n<h1>\u00d6kumenikus Istentisztelet &#8211; r\u00e9szlet: Izraeli Zene<\/h1>\n<p><iframe loading=\"lazy\" src=\"\/\/www.youtube.com\/embed\/SDVmtz4EDEg\" width=\"560\" height=\"315\" frameborder=\"0\" allowfullscreen=\"allowfullscreen\"><\/iframe><\/td>\n<td>2014. M\u00e1rcius<\/td>\n<td>\n<h1>Ny\u00edrtelken a holokauszt \u00e1ldozataira eml\u00e9keztek &#8211; szon.hu<\/h1>\n<p><iframe loading=\"lazy\" src=\"http:\/\/www.youtube-nocookie.com\/embed\/LIuH58afJN8\" width=\"560\" height=\"315\" frameborder=\"0\" allowfullscreen=\"allowfullscreen\"><\/iframe><\/td>\n<td>2013. M\u00e1jus 29.<\/td>\n<\/tr>\n<tr>\n<td>\n<h1>Holokauszt megeml\u00e9kez\u00e9s 2013.<\/h1>\n<p><iframe loading=\"lazy\" src=\"http:\/\/www.youtube-nocookie.com\/embed\/cq_Jhuue3V8\" width=\"560\" height=\"315\" frameborder=\"0\" allowfullscreen=\"allowfullscreen\"><\/iframe><\/td>\n<td>2013. M\u00e1jus 29.<\/td>\n<\/tr>\n<tr>\n<td>\n<h3>Az ut\u00f3dok rem\u00e9nys\u00e9ge. 9:47-t\u0151l \u00e9rdemes n\u00e9zni (kattint\u00e1s a vide\u00f3\u00e9rt)<\/h3>\n<p>&nbsp;<\/td>\n<td>2013. M\u00e1jus 29.<\/td>\n<\/tr>\n<tr>\n<td>&nbsp;<\/td>\n<td>&nbsp;<\/td>\n<\/tr>\n<tr>\n<td>&nbsp;<\/td>\n<td>&nbsp;<\/td>\n<\/tr>\n<tr>\n<td>\n<h1>\u00d6kumenikus tal\u00e1lkoz\u00e1s a ny\u00edregyh\u00e1zi Zsinag\u00f3g\u00e1ban &#8211; 2013.<\/h1>\n<p><iframe loading=\"lazy\" src=\"\/\/www.youtube.com\/embed\/SmG1tPzri8M\" width=\"560\" height=\"315\" frameborder=\"0\" allowfullscreen=\"allowfullscreen\"><\/iframe><\/td>\n<td>2013.<\/td>\n<\/tr>\n<tr>\n<td>\n<h1>Chanuka 5773 &#8211; 2012<\/h1>\n<p><iframe loading=\"lazy\" src=\"\/\/www.youtube.com\/embed\/hX6N_xojPNw\" width=\"560\" height=\"315\" frameborder=\"0\" allowfullscreen=\"allowfullscreen\"><\/iframe><\/td>\n<td>2012.<\/td>\n<\/tr>\n<\/tbody>\n<\/table>\n<p>&nbsp;<\/p>\n","protected":false},"excerpt":{"rendered":"<p>M\u00e1rt\u00edrok eml\u00e9knapja &#8211; ima (Rosenfeld D\u00e1niel) Ima az \u00e1ldozatok\u00e9rt (Rosenfeld D\u00e1niel) Kaddis az eml\u00e9kfal el\u0151tt (2019. j\u00fan. 16.) &#8211; ny\u00edregyh\u00e1zi zsid\u00f3 temet\u0151 Hanuka 2018. (1. r\u00e9sz) Hanuka 2018. (2. r\u00e9sz) Hanuka 2018. (3. r\u00e9sz) Hanuka 2018. (4. r\u00e9sz) Hanuka 2018. (5. r\u00e9sz) Hanuka 2018. (6. r\u00e9sz) Hanuka 2018. (7. r\u00e9sz) Hanuka 2018. (8. r\u00e9sz) Hanuka<\/p>\n","protected":false},"author":1,"featured_media":0,"parent":0,"menu_order":0,"comment_status":"open","ping_status":"open","template":"","meta":{"ngg_post_thumbnail":0,"footnotes":""},"class_list":["post-9","page","type-page","status-publish","hentry"],"jetpack_sharing_enabled":true,"_links":{"self":[{"href":"https:\/\/sofar-ujsag.hu\/index.php?rest_route=\/wp\/v2\/pages\/9","targetHints":{"allow":["GET"]}}],"collection":[{"href":"https:\/\/sofar-ujsag.hu\/index.php?rest_route=\/wp\/v2\/pages"}],"about":[{"href":"https:\/\/sofar-ujsag.hu\/index.php?rest_route=\/wp\/v2\/types\/page"}],"author":[{"embeddable":true,"href":"https:\/\/sofar-ujsag.hu\/index.php?rest_route=\/wp\/v2\/users\/1"}],"replies":[{"embeddable":true,"href":"https:\/\/sofar-ujsag.hu\/index.php?rest_route=%2Fwp%2Fv2%2Fcomments&post=9"}],"version-history":[{"count":3,"href":"https:\/\/sofar-ujsag.hu\/index.php?rest_route=\/wp\/v2\/pages\/9\/revisions"}],"predecessor-version":[{"id":5258,"href":"https:\/\/sofar-ujsag.hu\/index.php?rest_route=\/wp\/v2\/pages\/9\/revisions\/5258"}],"wp:attachment":[{"href":"https:\/\/sofar-ujsag.hu\/index.php?rest_route=%2Fwp%2Fv2%2Fmedia&parent=9"}],"curies":[{"name":"wp","href":"https:\/\/api.w.org\/{rel}","templated":true}]}}