{"id":5,"date":"2013-02-14T11:25:06","date_gmt":"2013-02-14T11:25:06","guid":{"rendered":"http:\/\/sofar-ujsag.hu\/wordpress\/?page_id=5"},"modified":"2022-04-21T09:19:27","modified_gmt":"2022-04-21T08:19:27","slug":"rolunk","status":"publish","type":"page","link":"https:\/\/sofar-ujsag.hu\/?page_id=5","title":{"rendered":"R\u00f3lunk"},"content":{"rendered":"<p style=\"text-align:justify;\">Ny\u00edregyh\u00e1za 1840-ben enged\u00e9lyezte zsid\u00f3 sz\u00e1rmaz\u00e1s\u00faak betelep\u00fcl\u00e9s\u00e9t, mik\u00f6zben a k\u00f6rny\u00e9k m\u00e1s telep\u00fcl\u00e9sen, \u00edgy Nagyk\u00e1ll\u00f3ban, az akkori megyesz\u00e9khelyen, m\u00e1r jelent\u0151s volt l\u00e9tsz\u00e1muk. A zsid\u00f3s\u00e1g l\u00e9leksz\u00e1ma az ezt k\u00f6vet\u0151 40 \u00e9v alatt t\u00f6bb mint hatvanszoros\u00e1ra n\u0151tt.<a href=\"#_ftn1\" name=\"_ftnref1\">[1]<\/a> M\u00e1r 1843-ban temetkez\u00e9si helyet kaptak a jelenlegi temet\u0151 egy r\u00e9sz\u00e9n. A ny\u00edregyh\u00e1zi izraelit\u00e1k 1865-t\u0151l \u00f6n\u00e1ll\u00f3 hitk\u00f6zs\u00e9get hoztak l\u00e9tre. Els\u0151 rabbijuk a n\u00e9met anyanyelv\u0171 Friedman K\u00e1roly (Jakov Koppel, 1830-1905\/5666. kiszl\u00e9v 26.), aki 1865-t\u0151l hal\u00e1l\u00e1ig l\u00e1tta el feladat\u00e1t.<a href=\"#_ftn2\" name=\"_ftnref2\">[2]<\/a>&nbsp; Fia, Friedman Vilmos k\u00f6zel 40 \u00e9vig l\u00e1tta el rabbinikus teend\u0151it.<\/p>\n<p><img data-recalc-dims=\"1\" loading=\"lazy\" decoding=\"async\" class=\"size-medium wp-image-5235 aligncenter\" src=\"https:\/\/i0.wp.com\/sofar-ujsag.hu\/wp-content\/uploads\/2022\/04\/Ny%C3%ADregyh%C3%A1za-Szarvas-utcai-zsinag%C3%B3ga.jpg?resize=300%2C188&#038;ssl=1\" alt=\"\" width=\"300\" height=\"188\" srcset=\"https:\/\/i0.wp.com\/sofar-ujsag.hu\/wp-content\/uploads\/2022\/04\/Ny%C3%ADregyh%C3%A1za-Szarvas-utcai-zsinag%C3%B3ga.jpg?resize=300%2C188&amp;ssl=1 300w, https:\/\/i0.wp.com\/sofar-ujsag.hu\/wp-content\/uploads\/2022\/04\/Ny%C3%ADregyh%C3%A1za-Szarvas-utcai-zsinag%C3%B3ga.jpg?resize=768%2C482&amp;ssl=1 768w, https:\/\/i0.wp.com\/sofar-ujsag.hu\/wp-content\/uploads\/2022\/04\/Ny%C3%ADregyh%C3%A1za-Szarvas-utcai-zsinag%C3%B3ga.jpg?resize=1024%2C643&amp;ssl=1 1024w, https:\/\/i0.wp.com\/sofar-ujsag.hu\/wp-content\/uploads\/2022\/04\/Ny%C3%ADregyh%C3%A1za-Szarvas-utcai-zsinag%C3%B3ga.jpg?w=1290&amp;ssl=1 1290w, https:\/\/i0.wp.com\/sofar-ujsag.hu\/wp-content\/uploads\/2022\/04\/Ny%C3%ADregyh%C3%A1za-Szarvas-utcai-zsinag%C3%B3ga.jpg?w=960&amp;ssl=1 960w\" sizes=\"auto, (max-width: 300px) 100vw, 300px\" \/><\/p>\n<p style=\"text-align:justify;\">A kiegyez\u00e9st k\u00f6vet\u0151en v\u00e1rosunkban is megindult a polg\u00e1rosod\u00e1s, melyb\u0151l a zsid\u00f3s\u00e1g alaposan kivette r\u00e9sz\u00e9t. A hitelvek tekintet\u00e9ben \u2013 ahogyan akkoriban m\u00e1r orsz\u00e1gosan is \u2013 Ny\u00edregyh\u00e1z\u00e1n is jellemz\u0151 volt a zsid\u00f3k megosztotts\u00e1ga, hiszen egy r\u00e9sz\u00fck, a modernebb gondolkod\u00e1s\u00faak Cseh-Morva ter\u00fcletekr\u0151l sz\u00e1rmaztak, m\u00e1sik r\u00e9sz\u00fck a hagyom\u00e1nyokhoz er\u0151sebben ragaszkod\u00f3 galici\u00e1nerekb\u0151l tev\u0151d\u00f6tt \u00f6ssze. Az 1868\/69-es zsid\u00f3 kongresszust k\u00f6vet\u0151 felekezeti szakad\u00e1s ut\u00e1n a k\u00f6z\u00f6ss\u00e9g nagy r\u00e9sze a status quo ante (a kongresszus el\u0151tti \u00e1llapot) mellett foglalt \u00e1ll\u00e1st, de a Sulh\u00e1n \u00c1ruch t\u00f6rv\u00e9nyk\u00f6nyve alapj\u00e1n, m\u00e1sok ortodox hitelveik miatt 1878-ban saj\u00e1t rabbit v\u00e1lasztottak Friedmann Jich\u00e1k Eizik (1821-1894, 5654. sv\u00e1t 19.) szem\u00e9ly\u00e9ben. Hal\u00e1la ut\u00e1n Wieder Salamon (Reb S\u00f3lem, 1865-1944) lett a vall\u00e1si vezet\u0151, fia N\u00e1th\u00e1n (1895-1944) a jesiv\u00e1t vezette.<\/p>\n<p style=\"text-align:justify;\">A status quo k\u00f6z\u00f6ss\u00e9g temploma 1880-ban \u00e9p\u00fclt fel, de 1944-ben sajnos ki\u00e9gett.<a href=\"#_ftn3\" name=\"_ftnref3\">[3]<\/a> Az ortodoxia el\u0151bb imah\u00e1zat, mikv\u00e9t \u00e9p\u00edtett, majd Baumhorn Lip\u00f3t tervei alapj\u00e1n zsinag\u00f3g\u00e1t, melyet 1924-ben avattak fel, s m\u00e1ig k\u00f6z\u00f6ss\u00e9g\u00fcnk hit\u00e9let\u00e9nek sz\u00edntere.<\/p>\n<p style=\"text-align:justify;\">1909. \u00e1prilis 20-\u00e1n iktatta be a status quo hitk\u00f6zs\u00e9g dr. Bernstein B\u00e9la f\u0151rabbit, akit mind a k\u00f6z\u00f6ss\u00e9ge, mind a v\u00e1ros vezet\u00e9se r\u00e9sz\u00e9r\u0151l nagy tisztelet \u00f6vezett. Lipcs\u00e9ben szerzett b\u00f6lcs\u00e9szdiplom\u00e1t, elismert tud\u00f3s, t\u00f6rt\u00e9n\u00e9sz volt, aki t\u00f6bbek k\u00f6z\u00f6tt k\u00f6nyvet \u00edrt \u2013 J\u00f3kai el\u0151szav\u00e1val \u2013 a zsid\u00f3knak az 1848\/49-es szabads\u00e1gharcban j\u00e1tszott szerep\u00e9r\u0151l, mely m\u0171 a t\u00f6rt\u00e9nelemtudom\u00e1nyban m\u00e1ig alapm\u0171nek sz\u00e1m\u00edt. Nev\u00e9hez f\u0171z\u0151dik a T\u00f3ra legautentikusabb magyar ford\u00edt\u00e1sa, valamint sz\u00e1mtalan m\u00e1s kiemelked\u0151 kultur\u00e1lis, vall\u00e1si \u00e9s tudom\u00e1nyos eredm\u00e9ny. Emellett tagja volt v\u00e1ros k\u00e9pvisel\u0151-test\u00fclet\u00e9nek is. A status quo k\u00f6z\u00f6ss\u00e9g kiemelked\u0151 kvalit\u00e1s\u00fa eln\u00f6ke volt Bodor Zsigmond, ki 25 \u00e9ven \u00e1t szolg\u00e1lta k\u00f6z\u00f6ss\u00e9g\u00e9t.<a href=\"#_ftn4\" name=\"_ftnref4\">[4]<\/a><\/p>\n<p style=\"text-align:justify;\">A v\u00e9szkorszak el\u00e9rte Ny\u00edregyh\u00e1za \u00e9s a j\u00e1r\u00e1s zsid\u00f3s\u00e1g\u00e1t is. 1944 \u00e1prilis\u00e1ban t\u00f6bb mint 17 ezer embert zs\u00fafoltak \u00f6ssze a gett\u00f3ban,<a href=\"#_ftn5\" name=\"_ftnref5\">[5]<\/a> majd ind\u00edtottak a pusztul\u00e1sba. Ebb\u0151l a hivatalos ny\u00edregyh\u00e1zi deport\u00e1l\u00e1si lista szerint 4753 volt ny\u00edregyh\u00e1zi.<a href=\"#_ftn6\" name=\"_ftnref6\">[6]<\/a><\/p>\n<p style=\"text-align:justify;\">B\u00e1r k\u00f6zvetlen\u00fcl a felszabadul\u00e1s ut\u00e1n a visszat\u00e9r\u0151 ny\u00edregyh\u00e1ziak \u00e9s a k\u00f6rny\u00e9kr\u0151l bek\u00f6lt\u00f6z\u00f6ttek egy\u00fcttes sz\u00e1ma a forr\u00e1sok szerint sokezer f\u0151 volt, ez azonban hamarosan lecs\u00f6kkent. 1947-ben a k\u00e9t felekezet egy\u00fcttes l\u00e9tsz\u00e1ma k\u00f6zel 1000 f\u0151, de ez is folyamatosan cs\u00f6kkent annak ellen\u00e9re, hogy a status quo k\u00f6z\u00f6ss\u00e9ghez fiatal, nagy tud\u00e1s\u00fa rabbi \u00e9rkezett dr. Morgenstern Ben\u0151 szem\u00e9ly\u00e9ben. 1957-ben \u0151 is alij\u00e1zott. Ez id\u0151szakban a k\u00e9t felekezet k\u00f6z\u00f6tt egyfajta \u201emunkamegoszt\u00e1s\u201d alakult ki.<a href=\"#_ftn1\" name=\"_ftnref1\">[7]<\/a><\/p>\n<p style=\"text-align:justify;\">1947-ben K\u00e1d\u00e1r J\u00f3zsef volt k\u00e9pvisel\u0151-test\u00fcleti tag, a status quo hitk\u00f6zs\u00e9g k\u00e9s\u0151bbi eln\u00f6ke kezdem\u00e9nyez\u00e9s\u00e9re, a v\u00e1ros d\u00f6nt\u00e9se alapj\u00e1n a zsinag\u00f3ga el\u0151tti t\u00e9r neve M\u00e1rt\u00edrok tere lett.<a href=\"#_ftn1\" name=\"_ftnref1\">[8]<\/a><\/p>\n<p style=\"text-align:justify;\">A megv\u00e1ltozott politikai k\u00f6r\u00fclm\u00e9nyek, az 1950-es vall\u00e1s\u00fcgyi t\u00f6rv\u00e9ny k\u00f6vetkezt\u00e9ben a ny\u00edregyh\u00e1zi zsid\u00f3s\u00e1g a MIOK \u00e9gisze alatt az Izraelita Hitk\u00f6zs\u00e9gbe szervez\u0151d\u00f6tt. A v\u00e1rosban maradt nemzed\u00e9k a sz\u0171k\u00f6s anyagi k\u00f6r\u00fclm\u00e9nyek k\u00f6z\u00f6tt is p\u00e9ldamutat\u00f3an tartotta fenn a hit\u00e9letet, annak ellen\u00e9re, hogy szakavatott rabbi jelenl\u00e9te \u00e9vtizedeken \u00e1t ritkas\u00e1gsz\u00e1mba ment m\u00e9g az \u0151szi \u00fcnnepeken is.<\/p>\n<p><img data-recalc-dims=\"1\" loading=\"lazy\" decoding=\"async\" class=\"size-medium wp-image-5236 aligncenter\" src=\"https:\/\/i0.wp.com\/sofar-ujsag.hu\/wp-content\/uploads\/2022\/04\/Ny%C3%ADregyh%C3%A1za-zsinag%C3%B3g%C3%A1ja-300x183.jpg?resize=300%2C183&#038;ssl=1\" alt=\"\" width=\"300\" height=\"183\"><\/p>\n<p style=\"text-align:justify;\">A rendszerv\u00e1lt\u00e1s ugyan nem j\u00e1rt a k\u00f6z\u00f6ss\u00e9g l\u00e9tsz\u00e1m\u00e1nak n\u00f6veked\u00e9s\u00e9vel, de a megny\u00edlt forr\u00e1sok lehet\u0151v\u00e9 tett\u00e9k a sok \u00e9vtizede elmaradt fel\u00faj\u00edt\u00e1sok v\u00e9grehajt\u00e1s\u00e1t, a kultur\u00e1lis \u00e9let felpezsd\u00edt\u00e9s\u00e9t, a v\u00e1ros \u00e9let\u00e9ben t\u00f6rt\u00e9n\u0151 szerepv\u00e1llal\u00e1s er\u0151s\u00edt\u00e9s\u00e9t. K\u00f6zel k\u00e9t \u00e9ve fiatal, nagy tud\u00e1s\u00fa rabbijel\u00f6lt, dr. Kurucz \u00c1kos ir\u00e1ny\u00edtja a hit\u00e9letet. A hitk\u00f6zs\u00e9g a v\u00e1rosban \u00e9s a megy\u00e9ben \u00e9l\u0151 k\u00f6zel hatvan zsid\u00f3 szem\u00e9llyel tart kapcsolatot.<\/p>\n<p>A Ny\u00edregyh\u00e1zi Zsid\u00f3 Hitk\u00f6zs\u00e9g c\u00edme: Ny\u00edregyh\u00e1za, M\u00e1rt\u00edrok tere 6. 4400&nbsp; Telefonsz\u00e1ma: 0642-417 939<\/p>\n<p><strong>Eln\u00f6ke:<\/strong> F\u00e4rber Gy\u00f6rgy, eln\u00f6khelyettese: F\u00e9nyes Gy\u00f6rgy, vezet\u0151s\u00e9gi tag, irodavezet\u0151: Gy\u00f6rgy Mikl\u00f3s<\/p>\n<p><strong>\u00dajs\u00e1g:<\/strong> S\u00f3f\u00e1r, szerkeszt\u0151: Kert\u00e9sz G\u00e1bor, weboldal: <a href=\"http:\/\/www.sofar-ujsag.hu\/\">www.sofar-ujsag.hu<\/a><\/p>\n<p><strong>A temet\u0151 c\u00edme:<\/strong> Ny\u00edregyh\u00e1za, K\u00f3taji \u00fat 5.<\/p>\n<p><strong>A temet\u0151 gondnoka:<\/strong> Csal\u00f3szki Istv\u00e1n, telefon:&nbsp; +3630 966 5719<\/p>\n<p>&nbsp;<\/p>\n<p>&nbsp;<\/p>\n<p>&nbsp;<\/p>\n<hr>\n<p><a href=\"#_ftnref1\" name=\"_ftn1\">[1]<\/a> https:\/\/library.hungaricana.hu\/en\/view\/NEDA_nemzetisegi_Zsido_1840-1941\/?pg=259&amp;layout=s&amp;query=ny%C3%ADregyh%C3%A1za<\/p>\n<p><a href=\"#_ftnref2\" name=\"_ftn2\">[2]<\/a> S\u00f3f\u00e1r, 2021. augusztus. 9-10. o.<\/p>\n<p><a href=\"#_ftnref3\" name=\"_ftn3\">[3]<\/a> S\u00f3f\u00e1r, 2022. janu\u00e1r. 10. o.<\/p>\n<p><a href=\"#_ftnref4\" name=\"_ftn4\">[4]<\/a> S\u00f3f\u00e1r, 2019. december. 6-7. o.<\/p>\n<p><a href=\"#_ftnref5\" name=\"_ftn5\">[5]<\/a> https:\/\/library.hungaricana.hu\/hu\/view\/SZSM_Kozl_33_NyiregyhaziZsidosag\/?pg=24&amp;layout=s<\/p>\n<p><a href=\"#_ftnref6\" name=\"_ftn6\">[6] <\/a>https:\/\/library.hungaricana.hu\/hu\/view\/SZSM_Kozl_33_NyiregyhaziZsidosag\/?pg=329&amp;layout=s<\/p>\n<p><a href=\"#_ftnref1\" name=\"_ftn1\">[7]<\/a> S\u00f3f\u00e1r, 2019. december 8-10. o.<\/p>\n<p><a href=\"#_ftnref1\" name=\"_ftn1\">[8]<\/a> S\u00f3f\u00e1r, 2020. m\u00e1jus. 5. o.<\/p>\n","protected":false},"excerpt":{"rendered":"<p>Ny\u00edregyh\u00e1za 1840-ben enged\u00e9lyezte zsid\u00f3 sz\u00e1rmaz\u00e1s\u00faak betelep\u00fcl\u00e9s\u00e9t, mik\u00f6zben a k\u00f6rny\u00e9k m\u00e1s telep\u00fcl\u00e9sen, \u00edgy Nagyk\u00e1ll\u00f3ban, az akkori megyesz\u00e9khelyen, m\u00e1r jelent\u0151s volt l\u00e9tsz\u00e1muk. A zsid\u00f3s\u00e1g l\u00e9leksz\u00e1ma az ezt k\u00f6vet\u0151 40 \u00e9v alatt t\u00f6bb mint hatvanszoros\u00e1ra n\u0151tt.[1] M\u00e1r 1843-ban temetkez\u00e9si helyet kaptak a jelenlegi temet\u0151 egy r\u00e9sz\u00e9n. A ny\u00edregyh\u00e1zi izraelit\u00e1k 1865-t\u0151l \u00f6n\u00e1ll\u00f3 hitk\u00f6zs\u00e9get hoztak l\u00e9tre. Els\u0151 rabbijuk a n\u00e9met<\/p>\n","protected":false},"author":1,"featured_media":0,"parent":0,"menu_order":0,"comment_status":"open","ping_status":"open","template":"","meta":{"ngg_post_thumbnail":0,"footnotes":""},"class_list":["post-5","page","type-page","status-publish","hentry"],"jetpack_sharing_enabled":true,"_links":{"self":[{"href":"https:\/\/sofar-ujsag.hu\/index.php?rest_route=\/wp\/v2\/pages\/5","targetHints":{"allow":["GET"]}}],"collection":[{"href":"https:\/\/sofar-ujsag.hu\/index.php?rest_route=\/wp\/v2\/pages"}],"about":[{"href":"https:\/\/sofar-ujsag.hu\/index.php?rest_route=\/wp\/v2\/types\/page"}],"author":[{"embeddable":true,"href":"https:\/\/sofar-ujsag.hu\/index.php?rest_route=\/wp\/v2\/users\/1"}],"replies":[{"embeddable":true,"href":"https:\/\/sofar-ujsag.hu\/index.php?rest_route=%2Fwp%2Fv2%2Fcomments&post=5"}],"version-history":[{"count":5,"href":"https:\/\/sofar-ujsag.hu\/index.php?rest_route=\/wp\/v2\/pages\/5\/revisions"}],"predecessor-version":[{"id":5240,"href":"https:\/\/sofar-ujsag.hu\/index.php?rest_route=\/wp\/v2\/pages\/5\/revisions\/5240"}],"wp:attachment":[{"href":"https:\/\/sofar-ujsag.hu\/index.php?rest_route=%2Fwp%2Fv2%2Fmedia&parent=5"}],"curies":[{"name":"wp","href":"https:\/\/api.w.org\/{rel}","templated":true}]}}