{"id":4202,"date":"2019-03-24T12:47:29","date_gmt":"2019-03-24T11:47:29","guid":{"rendered":"http:\/\/sofar-ujsag.hu\/?page_id=4202"},"modified":"2019-03-24T12:47:29","modified_gmt":"2019-03-24T11:47:29","slug":"temeto-2","status":"publish","type":"page","link":"https:\/\/sofar-ujsag.hu\/?page_id=4202","title":{"rendered":"Temet\u0151"},"content":{"rendered":"<p><a style=\"font-size: 13px; color: #777777; line-height: 19.5px; text-decoration: none;\" href=\"https:\/\/i0.wp.com\/sofar-ujsag.hu\/wp-content\/uploads\/2013\/03\/temeto.jpg?ssl=1\"><img data-recalc-dims=\"1\" loading=\"lazy\" decoding=\"async\" class=\"size-medium wp-image-333 alignright\" src=\"https:\/\/i0.wp.com\/sofar-ujsag.hu\/wp-content\/uploads\/2013\/03\/temeto-113x300.jpg?resize=113%2C300&#038;ssl=1\" alt=\"temeto\" width=\"113\" height=\"300\"><\/a><\/p>\n<p>A ny\u00edregyh\u00e1zi zsid\u00f3 temet\u0151 a&nbsp;<a href=\"https:\/\/maps.google.com\/?q=K%C3%B3taji+u.+5-7.+sz%C3%A1m&amp;entry=gmail&amp;source=g\">K\u00f3taji u. 5-7. sz\u00e1m<\/a>&nbsp;alatt tal\u00e1lhat\u00f3. Temet\u0151gondnok: Csal\u00f3szki Istv\u00e1n tel.: +36 20&nbsp; 497 7532<\/p>\n<p><strong>Nyitvatart\u00e1s:<\/strong><\/p>\n<p>\u00e1prilis 1. \u00e9s okt\u00f3ber 14. k\u00f6z\u00f6tt:<\/p>\n<p>h\u00e9tf\u0151t\u0151l cs\u00fct\u00f6rt\u00f6kig 9:00-16:00, p\u00e9nteken \u00e9s vas\u00e1rnap: 9:00-12:00.<\/p>\n<p>&nbsp;<\/p>\n<p>okt\u00f3ber 15. \u00e9s m\u00e1rcius 31. k\u00f6z\u00f6tt:<\/p>\n<p>h\u00e9tf\u0151t\u0151l p\u00e9ntekig \u00e9s vas\u00e1rnap 9:00-12:00.<\/p>\n<p>A temet\u0151 szombaton, zsid\u00f3, illetve \u00e1llami \u00fcnnepeken z\u00e1rva tart.<\/p>\n<p><b>\u00c1llami \u00fcnnepeken, vagy nyitvatart\u00e1si id\u0151n t\u00fali temet\u0151l\u00e1togat\u00e1s a temet\u0151 gondnok\u00e1val t\u00f6rt\u00e9n\u0151 meg\u00e1llapod\u00e1s eset\u00e9n lehets\u00e9ges.<\/b><\/p>\n<p>&nbsp;<\/p>\n","protected":false},"excerpt":{"rendered":"<p>A ny\u00edregyh\u00e1zi zsid\u00f3 temet\u0151 a&nbsp;K\u00f3taji u. 5-7. sz\u00e1m&nbsp;alatt tal\u00e1lhat\u00f3. Temet\u0151gondnok: Csal\u00f3szki Istv\u00e1n tel.: +36 20&nbsp; 497 7532 Nyitvatart\u00e1s: \u00e1prilis 1. \u00e9s okt\u00f3ber 14. k\u00f6z\u00f6tt: h\u00e9tf\u0151t\u0151l cs\u00fct\u00f6rt\u00f6kig 9:00-16:00, p\u00e9nteken \u00e9s vas\u00e1rnap: 9:00-12:00. &nbsp; okt\u00f3ber 15. \u00e9s m\u00e1rcius 31. k\u00f6z\u00f6tt: h\u00e9tf\u0151t\u0151l p\u00e9ntekig \u00e9s vas\u00e1rnap 9:00-12:00. A temet\u0151 szombaton, zsid\u00f3, illetve \u00e1llami \u00fcnnepeken z\u00e1rva tart. \u00c1llami \u00fcnnepeken, vagy<\/p>\n","protected":false},"author":1,"featured_media":0,"parent":338,"menu_order":0,"comment_status":"closed","ping_status":"closed","template":"","meta":{"ngg_post_thumbnail":0,"footnotes":""},"class_list":["post-4202","page","type-page","status-publish","hentry"],"jetpack_sharing_enabled":true,"_links":{"self":[{"href":"https:\/\/sofar-ujsag.hu\/index.php?rest_route=\/wp\/v2\/pages\/4202","targetHints":{"allow":["GET"]}}],"collection":[{"href":"https:\/\/sofar-ujsag.hu\/index.php?rest_route=\/wp\/v2\/pages"}],"about":[{"href":"https:\/\/sofar-ujsag.hu\/index.php?rest_route=\/wp\/v2\/types\/page"}],"author":[{"embeddable":true,"href":"https:\/\/sofar-ujsag.hu\/index.php?rest_route=\/wp\/v2\/users\/1"}],"replies":[{"embeddable":true,"href":"https:\/\/sofar-ujsag.hu\/index.php?rest_route=%2Fwp%2Fv2%2Fcomments&post=4202"}],"version-history":[{"count":0,"href":"https:\/\/sofar-ujsag.hu\/index.php?rest_route=\/wp\/v2\/pages\/4202\/revisions"}],"up":[{"embeddable":true,"href":"https:\/\/sofar-ujsag.hu\/index.php?rest_route=\/wp\/v2\/pages\/338"}],"wp:attachment":[{"href":"https:\/\/sofar-ujsag.hu\/index.php?rest_route=%2Fwp%2Fv2%2Fmedia&parent=4202"}],"curies":[{"name":"wp","href":"https:\/\/api.w.org\/{rel}","templated":true}]}}