{"id":4198,"date":"2019-03-24T12:44:44","date_gmt":"2019-03-24T11:44:44","guid":{"rendered":"http:\/\/sofar-ujsag.hu\/?page_id=4198"},"modified":"2019-03-24T12:44:44","modified_gmt":"2019-03-24T11:44:44","slug":"zsinagoga","status":"publish","type":"page","link":"https:\/\/sofar-ujsag.hu\/?page_id=4198","title":{"rendered":"Zsinag\u00f3ga"},"content":{"rendered":"<p>A hitk\u00f6zs\u00e9g c\u00edme:<\/p>\n<p><strong>Ny\u00edregyh\u00e1zi Zsid\u00f3 Hitk\u00f6zs\u00e9g 4400 Ny\u00edregyh\u00e1za M\u00e1rt\u00edrok tere 6.<\/strong><\/p>\n<p>Tel.\/fax:&nbsp;<strong>06-42-417-939<\/strong><\/p>\n<p>e-mail:&nbsp;<a href=\"mailto:nyirzsido@gmail.com\"><strong>nyirzsido@gmail.com<\/strong><\/a><\/p>\n<p>facebook:&nbsp;<strong><a href=\"https:\/\/www.facebook.com\/nyirzsido\/\">https:\/\/www.facebook.com\/nyirzsido\/<\/a><\/strong><\/p>\n<p>Irodai nyitvatart\u00e1s:&nbsp;<strong>h\u00e9tf\u0151-cs\u00fct\u00f6rt\u00f6k 8:00-14:00<\/strong><\/p>\n<p>A hitk\u00f6zs\u00e9g Ny\u00edregyh\u00e1za k\u00f6zpontj\u00e1ban, a Kelet \u00c1ruh\u00e1z m\u00f6g\u00f6tt tal\u00e1lhat\u00f3. A zsinag\u00f3ga irodai nyitvatart\u00e1si id\u0151ben, azon t\u00fal vagy csoportos l\u00e1togat\u00e1s eset\u00e9n el\u0151zetes telefonegyeztet\u00e9s alapj\u00e1n tekinthet\u0151 meg.<\/p>\n","protected":false},"excerpt":{"rendered":"<p>A hitk\u00f6zs\u00e9g c\u00edme: Ny\u00edregyh\u00e1zi Zsid\u00f3 Hitk\u00f6zs\u00e9g 4400 Ny\u00edregyh\u00e1za M\u00e1rt\u00edrok tere 6. Tel.\/fax:&nbsp;06-42-417-939 e-mail:&nbsp;nyirzsido@gmail.com facebook:&nbsp;https:\/\/www.facebook.com\/nyirzsido\/ Irodai nyitvatart\u00e1s:&nbsp;h\u00e9tf\u0151-cs\u00fct\u00f6rt\u00f6k 8:00-14:00 A hitk\u00f6zs\u00e9g Ny\u00edregyh\u00e1za k\u00f6zpontj\u00e1ban, a Kelet \u00c1ruh\u00e1z m\u00f6g\u00f6tt tal\u00e1lhat\u00f3. A zsinag\u00f3ga irodai nyitvatart\u00e1si id\u0151ben, azon t\u00fal vagy csoportos l\u00e1togat\u00e1s eset\u00e9n el\u0151zetes telefonegyeztet\u00e9s alapj\u00e1n tekinthet\u0151 meg.<\/p>\n","protected":false},"author":1,"featured_media":0,"parent":338,"menu_order":0,"comment_status":"closed","ping_status":"closed","template":"","meta":{"ngg_post_thumbnail":0},"_links":{"self":[{"href":"https:\/\/sofar-ujsag.hu\/index.php?rest_route=\/wp\/v2\/pages\/4198"}],"collection":[{"href":"https:\/\/sofar-ujsag.hu\/index.php?rest_route=\/wp\/v2\/pages"}],"about":[{"href":"https:\/\/sofar-ujsag.hu\/index.php?rest_route=\/wp\/v2\/types\/page"}],"author":[{"embeddable":true,"href":"https:\/\/sofar-ujsag.hu\/index.php?rest_route=\/wp\/v2\/users\/1"}],"replies":[{"embeddable":true,"href":"https:\/\/sofar-ujsag.hu\/index.php?rest_route=%2Fwp%2Fv2%2Fcomments&post=4198"}],"version-history":[{"count":0,"href":"https:\/\/sofar-ujsag.hu\/index.php?rest_route=\/wp\/v2\/pages\/4198\/revisions"}],"up":[{"embeddable":true,"href":"https:\/\/sofar-ujsag.hu\/index.php?rest_route=\/wp\/v2\/pages\/338"}],"wp:attachment":[{"href":"https:\/\/sofar-ujsag.hu\/index.php?rest_route=%2Fwp%2Fv2%2Fmedia&parent=4198"}],"curies":[{"name":"wp","href":"https:\/\/api.w.org\/{rel}","templated":true}]}}