{"id":12,"date":"2013-02-14T11:28:20","date_gmt":"2013-02-14T11:28:20","guid":{"rendered":"http:\/\/sofar-ujsag.hu\/wordpress\/?page_id=12"},"modified":"2026-03-26T18:36:05","modified_gmt":"2026-03-26T17:36:05","slug":"sofar-ujsag-2","status":"publish","type":"page","link":"https:\/\/sofar-ujsag.hu\/?page_id=12","title":{"rendered":"S\u00f3f\u00e1r \u00dajs\u00e1g"},"content":{"rendered":"<h1>A&nbsp;Ny\u00edregyh\u00e1zi Zsid\u00f3 Hitk\u00f6zs\u00e9g foly\u00f3irata<\/h1>\n<h2>A c\u00edmre kattintva megny\u00edlik az adott lapsz\u00e1m<\/h2>\n<p>Kellemes b\u00f6ng\u00e9sz\u00e9st!<\/p>\n<p>A S\u00f3f\u00e1r-\u00dajs\u00e1g a MAZS\u00d6K t\u00e1mogat\u00e1s\u00e1val k\u00e9sz\u00fclt.<\/p>\n<p><strong>XXVIII. \u00c9vfolyam (2025):<\/strong><\/p>\n<ul>\n<li><a href=\"https:\/\/sofar-ujsag.hu\/wp-content\/uploads\/2025\/04\/sofar_2025_aprilis_web.pdf\">XXVIII. \u00e9vfolyam 1. sz\u00e1m (2025 \u00e1prilis)<\/a><\/li>\n<li>XXVIII. \u00e9vfolyam 2. sz\u00e1m (2025 j\u00fanius)<\/li>\n<li>XXVIII. \u00e9vfolyam 3. sz\u00e1m (2025 augusztus)<\/li>\n<li>XXVIII. \u00e9vfolyam 4. sz\u00e1m (2025 okt\u00f3ber)<\/li>\n<li>XXVIII. \u00e9vfolyam 5. sz\u00e1m (2025 december)<\/li>\n<\/ul>\n<p><strong>XXVII. \u00c9vfolyam (2024):<\/strong><\/p>\n<ul>\n<li><a href=\"https:\/\/sofar-ujsag.hu\/wp-content\/uploads\/2024\/09\/Sofar-2024.1.szam_.pdf\">XXVII. \u00e9vfolyam 1. sz\u00e1m (2024 m\u00e1rcius)<\/a><\/li>\n<li><a href=\"https:\/\/sofar-ujsag.hu\/wp-content\/uploads\/2024\/09\/sofar_2024_aprilis.pdf\">XXVII. \u00e9vfolyam 2. sz\u00e1m (2024 \u00e1prilis)<\/a><\/li>\n<li><a href=\"https:\/\/sofar-ujsag.hu\/wp-content\/uploads\/2024\/09\/sofar_2024_junius.pdf\">XXVII. \u00e9vfolyam 3. sz\u00e1m (2024 j\u00fanius)<\/a><\/li>\n<li><a href=\"https:\/\/sofar-ujsag.hu\/wp-content\/uploads\/2025\/04\/sofar_2024_szeptember-final.pdf\">XXVII. \u00e9vfolyam 4. sz\u00e1m (2024 szeptember)<\/a><\/li>\n<li><a href=\"https:\/\/sofar-ujsag.hu\/wp-content\/uploads\/2025\/04\/sofar_2024_december-v3.pdf\">XXVII. \u00e9vfolyam 5. sz\u00e1m (2024 december)<\/a><\/li>\n<\/ul>\n<p><strong>XXVI. \u00c9vfolyam (2023):<\/strong><\/p>\n<ul>\n<li><a href=\"https:\/\/sofar-ujsag.hu\/wp-content\/uploads\/2022\/12\/sofar_2023_februar.pdf\">XXVI. \u00e9vfolyam 1. sz\u00e1m (2023 febru\u00e1r)<\/a><\/li>\n<li><a href=\"https:\/\/sofar-ujsag.hu\/wp-content\/uploads\/2024\/09\/sofar_2023_aprilis_javitva-1.pdf\">XXVI. \u00e9vfolyam 2. sz\u00e1m (2023 \u00e1prilis)<\/a><\/li>\n<li><a href=\"https:\/\/sofar-ujsag.hu\/wp-content\/uploads\/2024\/09\/sofar_2023_junius.pdf\">XXVI. \u00e9vfolyam 3. sz\u00e1m (2023 j\u00fanius)<\/a><\/li>\n<li><a href=\"https:\/\/sofar-ujsag.hu\/wp-content\/uploads\/2024\/09\/sofar_2023_szeptember.pdf\">XXVI. \u00e9vfolyam 4. sz\u00e1m (2023 szeptember)<\/a><\/li>\n<li><a href=\"https:\/\/sofar-ujsag.hu\/wp-content\/uploads\/2024\/09\/sofar_2023_december.pdf\">XXVI. \u00e9vfolyam 5. sz\u00e1m (2023 december)<\/a><\/li>\n<\/ul>\n<p><strong>XXV. \u00c9vfolyam (2022):<\/strong><\/p>\n<ul>\n<li><a href=\"https:\/\/sofar-ujsag.hu\/wp-content\/uploads\/2022\/04\/sofar_2022januar.pdf\">XXV. \u00e9vfolyam 1. sz\u00e1m (2022 janu\u00e1r)<\/a><\/li>\n<li><a href=\"https:\/\/sofar-ujsag.hu\/wp-content\/uploads\/2022\/04\/sofar_2022_aprilis_web.pdf\">XXV. \u00e9vfolyam 2. sz\u00e1m (2022 \u00e1prilis)<\/a><\/li>\n<li><a href=\"https:\/\/sofar-ujsag.hu\/wp-content\/uploads\/2022\/11\/XXV.-\u00e9vfolyam-3.-sz\u00e1m-2022-j\u00fanius.pdf\">XXV. \u00e9vfolyam 3. sz\u00e1m (2022 j\u00fanius)<\/a><\/li>\n<li><a href=\"https:\/\/sofar-ujsag.hu\/wp-content\/uploads\/2022\/11\/XXV.-\u00e9vfolyam-4.-sz\u00e1m-2022-szeptember.pdf\">XXV. \u00e9vfolyam 4. sz\u00e1m (2022 szeptember)<\/a><\/li>\n<li><a href=\"https:\/\/sofar-ujsag.hu\/wp-content\/uploads\/2022\/12\/sofar_2022_december_V2-2-1.pdf\">XXV. \u00e9vfolyam 5. sz\u00e1m (2022 december)<\/a><\/li>\n<\/ul>\n<p><strong>XXIV. \u00c9vfolyam (2021):<\/strong><\/p>\n<ul>\n<li><a href=\"https:\/\/sofar-ujsag.hu\/wp-content\/uploads\/2021\/03\/S\u00f3f\u00e1r-2021.-janu\u00e1r-v\u00e9gleges-3.pdf\">XXIV. \u00e9vfolyam 1. sz\u00e1m (2021 janu\u00e1r)<\/a><\/li>\n<li>X<a href=\"https:\/\/sofar-ujsag.hu\/wp-content\/uploads\/2021\/03\/S\u00f3f\u00e1r-2021.-m\u00e1rcius-v\u00e9gleges.pdf\">XIV. \u00e9vfolyam 2. sz\u00e1m (2021 m\u00e1rcius)<\/a><\/li>\n<li><a href=\"https:\/\/sofar-ujsag.hu\/wp-content\/uploads\/2021\/06\/sofar_2021junius-1.pdf\">XXIV. \u00e9vfolyam 3. sz\u00e1m (2021 j\u00fanius)<\/a><\/li>\n<li><a href=\"https:\/\/sofar-ujsag.hu\/wp-content\/uploads\/2021\/08\/sofar_2021augusztus-1.pdf\">XXIV. \u00e9vfolyam 4. sz\u00e1m (2021 augusztus)<\/a><\/li>\n<li><a href=\"https:\/\/sofar-ujsag.hu\/wp-content\/uploads\/2022\/01\/sofar_2021november-1.pdf\">XXIV. \u00e9vfolyam 5. sz\u00e1m (2021 november)<\/a><\/li>\n<\/ul>\n<p><strong>XXIII. \u00c9vfolyam (2020):<\/strong><\/p>\n<ul>\n<li><a href=\"https:\/\/sofar-ujsag.hu\/wp-content\/uploads\/2020\/01\/sofar_2020januar-4.pdf\">XXIII. \u00e9vfolyam 1. sz\u00e1m (2020 janu\u00e1r)<\/a><\/li>\n<li><a href=\"https:\/\/sofar-ujsag.hu\/wp-content\/uploads\/2020\/03\/sofar_2020aprilis-v\u00e9gleges.pdf\">XXIII. \u00e9vfolyam 2. sz\u00e1m (2020 \u00e1prilis)<\/a><\/li>\n<li><a href=\"https:\/\/sofar-ujsag.hu\/wp-content\/uploads\/2020\/05\/sofar_2020junius-2.pdf\">XXIII. \u00e9vfolyam 3. sz\u00e1m (2020 m\u00e1jus)<\/a><\/li>\n<li><a href=\"https:\/\/sofar-ujsag.hu\/wp-content\/uploads\/2020\/09\/sofar_2020szeptember-3.pdf\">XXIII. \u00e9vfolyam 4. sz\u00e1m (2020 szeptember)<\/a><\/li>\n<li><a href=\"https:\/\/sofar-ujsag.hu\/wp-content\/uploads\/2020\/12\/S\u00f3f\u00e1r-2020-dec.-v\u00e9gleges.pdf\">XXIII. \u00e9vfolyam 5. sz\u00e1m (2020 december)<\/a><\/li>\n<\/ul>\n<p><strong>XXII. \u00c9vfolyam (2019):<\/strong><\/p>\n<ul>\n<li><a href=\"https:\/\/sofar-ujsag.hu\/wp-content\/uploads\/2019\/01\/S\u00f3f\u00e1r-2019.1.sz\u00e1m.pdf\">XXII. \u00e9vfolyam 1. sz\u00e1m (2019 janu\u00e1r)<\/a><\/li>\n<li><a href=\"https:\/\/sofar-ujsag.hu\/wp-content\/uploads\/2019\/03\/S\u00f3f\u00e1r-2019.-2.sz\u00e1m.pdf\">XXII. \u00e9vfolyam 2. sz\u00e1m (2019 m\u00e1rcius)<\/a><\/li>\n<li><a href=\"https:\/\/sofar-ujsag.hu\/wp-content\/uploads\/2019\/07\/sofar_2019j\u00fanius-v\u00e9gleges.pdf\">XXII. \u00e9vfolyam 3. sz\u00e1m (2019 j\u00fanius<\/a><a href=\"https:\/\/sofar-ujsag.hu\/wp-content\/uploads\/2019\/07\/sofar_2019j\u00fanius-v\u00e9gleges.pdf\">)<\/a><\/li>\n<li><a href=\"https:\/\/sofar-ujsag.hu\/wp-content\/uploads\/2019\/09\/S\u00f3f\u00e1r-2019.szeptember.pdf\">XXII. \u00e9vfolyam 4. sz\u00e1m (2019 szeptember)<\/a><\/li>\n<li><a href=\"https:\/\/sofar-ujsag.hu\/wp-content\/uploads\/2019\/12\/sofar_2019december.pdf\">XXII. \u00e9vfolyam 5. sz\u00e1m (2019 december).<\/a><\/li>\n<\/ul>\n<p><strong>XXI. \u00c9vfolyam (2018):<\/strong><\/p>\n<ul>\n<li><a href=\"https:\/\/sofar-ujsag.hu\/wp-content\/uploads\/2018\/01\/sofar_2018januar.pdf\">XXI. \u00e9vfolyam 1. sz\u00e1m (2018 janu\u00e1r)<\/a><\/li>\n<li><a href=\"https:\/\/sofar-ujsag.hu\/wp-content\/uploads\/2018\/04\/s%C3%B3f%C3%A1r-h%C3%ADrlev%C3%A9l-v%C3%A9gleges.pdf\">XXI. \u00e9vfolyam 2. sz\u00e1m (2018 \u00e1prilis)<\/a><\/li>\n<li><a href=\"https:\/\/sofar-ujsag.hu\/wp-content\/uploads\/2018\/06\/sofar_2018junius.pdf\">XXI. \u00e9vfolyam 3. sz\u00e1m (2018 j\u00fanius)<\/a><\/li>\n<li><a href=\"https:\/\/sofar-ujsag.hu\/wp-content\/uploads\/2018\/08\/sofar_2018augusztus-1.pdf\">XXI. \u00e9vfolyam 4. sz\u00e1m (2018 augusztus)<\/a><\/li>\n<li><a href=\"https:\/\/sofar-ujsag.hu\/wp-content\/uploads\/2018\/11\/sofar_2018november-2.pdf\">XXI. \u00e9vfolyam 5. sz\u00e1m (2018 november)<\/a><\/li>\n<\/ul>\n<p><strong>XX. \u00c9vfolyam (2017):<\/strong><\/p>\n<ul>\n<li><a href=\"https:\/\/sofar-ujsag.hu\/wp-content\/uploads\/2017\/01\/s%C3%B3f%C3%A1r2017jan.pdf\">XX. \u00e9vfolyam 1. sz\u00e1m (2017 janu\u00e1r)<\/a><\/li>\n<li><a href=\"https:\/\/sofar-ujsag.hu\/wp-content\/uploads\/2017\/01\/2.-%C3%A9vf.pdf\">XX. \u00e9vfolyam 2. sz\u00e1m (2017 m\u00e1jus)<\/a><\/li>\n<li><a href=\"https:\/\/sofar-ujsag.hu\/wp-content\/uploads\/2017\/01\/sofar_2017jun-1.pdf\">XX. \u00e9vfolyam 3. sz\u00e1m (2017 j\u00fanius)<\/a><\/li>\n<li><a href=\"https:\/\/sofar-ujsag.hu\/wp-content\/uploads\/2017\/01\/sofar_2017_aug_jav.pdf\">XX. \u00e9vfolyam 4. sz\u00e1m (2017 augusztus)<\/a><\/li>\n<li><a href=\"https:\/\/sofar-ujsag.hu\/wp-content\/uploads\/2017\/01\/sofar_2017nov-jav..pdf\">XX. \u00e9vfolyam 5. sz\u00e1m (2017 november)<\/a><\/li>\n<\/ul>\n<p><strong>XIX. \u00c9vfolyam (2016):<\/strong><\/p>\n<ul>\n<li><a href=\"https:\/\/sofar-ujsag.hu\/wp-content\/uploads\/2016\/01\/s%C3%B3f%C3%A1r.pdf\">XIX. \u00e9vfolyam 1. sz\u00e1m (2016)<\/a><\/li>\n<li><a href=\"https:\/\/sofar-ujsag.hu\/wp-content\/uploads\/2016\/05\/sofar2016_2.pdf\">XIX. \u00e9vfolyam 2. sz\u00e1m (2016)<\/a><\/li>\n<li><a href=\"https:\/\/sofar-ujsag.hu\/wp-content\/uploads\/2016\/06\/sofar2016_3.pdf\">XIX. \u00e9vfolyam 3. sz\u00e1m (2016)<\/a><\/li>\n<li><a href=\"https:\/\/sofar-ujsag.hu\/wp-content\/uploads\/2016\/09\/so__fa__r.pdf\">XIX. \u00e9vfolyam 4. sz\u00e1m (2016)<\/a><\/li>\n<li><a href=\"https:\/\/sofar-ujsag.hu\/wp-content\/uploads\/2016\/11\/s%C3%B3f%C3%A1r.pdf\">XIX. \u00e9vfolyam 5. sz\u00e1m (2016)<\/a><\/li>\n<\/ul>\n<p><strong>XVIII. \u00c9vfolyam (2015):<\/strong><\/p>\n<ul>\n<li><a href=\"https:\/\/sofar-ujsag.hu\/wp-content\/uploads\/2015\/01\/sou00A6u00FCfau00A6u00FCr.pdf\">XVIII. \u00e9vfolyam 1. sz\u00e1m (2015)<\/a><\/li>\n<li><a href=\"https:\/\/sofar-ujsag.hu\/wp-content\/uploads\/2015\/04\/so-fa-r.pdf\">XVIII. \u00e9vfolyam 2. sz\u00e1m (2015)<\/a><\/li>\n<li><a href=\"https:\/\/sofar-ujsag.hu\/wp-content\/uploads\/2015\/06\/so-fa-r-2.pdf\">XVIII. \u00e9vfolyam 3. sz\u00e1m (2015)<\/a><\/li>\n<li><a href=\"https:\/\/sofar-ujsag.hu\/wp-content\/uploads\/2015\/08\/sofar2015-08.pdf\">XVIII. \u00e9vfolyam 4. sz\u00e1m (2015)<\/a><\/li>\n<li><a href=\"https:\/\/sofar-ujsag.hu\/wp-content\/uploads\/2015\/11\/sofar2015-11.pdf\">XVIII. \u00e9vfolyam 5. sz\u00e1m (2015)<\/a><\/li>\n<\/ul>\n<p><strong>XVII. \u00c9vfolyam (2014):<\/strong><\/p>\n<ul>\n<li><a href=\"https:\/\/sofar-ujsag.hu\/wp-content\/uploads\/2014\/02\/sofar201401.pdf\">XVII. \u00e9vfolyam 1. sz\u00e1m (2014 febru\u00e1r)<\/a><\/li>\n<li><a href=\"https:\/\/sofar-ujsag.hu\/wp-content\/uploads\/2014\/04\/sofar201404.pdf\">XVII. \u00e9vfolyam 2. sz\u00e1m (2014 m\u00e1jus)<\/a><\/li>\n<li><a href=\"https:\/\/sofar-ujsag.hu\/wp-content\/uploads\/2014\/06\/Sz%C3%ADnes-S%C3%B3f%C3%A1r2014jun.pdf\">XVII. \u00e9vfolyam 3. sz\u00e1m (2014 j\u00falius)<\/a><\/li>\n<li><a href=\"https:\/\/sofar-ujsag.hu\/wp-content\/uploads\/2014\/08\/sofar2014augusztus.pdf\">XVII. \u00e9vfolyam 4. sz\u00e1m (2014 okt\u00f3ber)<\/a><\/li>\n<li><a href=\"https:\/\/sofar-ujsag.hu\/wp-content\/uploads\/2014\/10\/sou0301fau0301r.pdf\">XVII. \u00e9vfolyam 5. sz\u00e1m (2014 december)<\/a><\/li>\n<\/ul>\n<p><strong>XVI. \u00c9vfolyam (2013):<\/strong><\/p>\n<ul>\n<li><a title=\"XVI\/1 2013 febru\u00e1r\" href=\"https:\/\/sofar-ujsag.hu\/wp-content\/uploads\/2013\/02\/XVI-1.pdf\" target=\"_blank\" rel=\"noopener noreferrer\">XVI. \u00e9vfolyam 1. sz\u00e1m&nbsp;(2013 febru\u00e1r)<\/a><\/li>\n<li><a title=\"XVI\/1 2013 febru\u00e1r\" href=\"https:\/\/sofar-ujsag.hu\/wp-content\/uploads\/2013\/02\/13_sofar_+%C3%ADpril_kicsi.pdf\" target=\"_blank\" rel=\"noopener noreferrer\">XVI. \u00e9vfolyam 2. sz\u00e1m&nbsp;(2013 \u00e1prilis)<\/a><\/li>\n<li><a title=\"XVI\/1 2013 febru\u00e1r\" href=\"https:\/\/sofar-ujsag.hu\/wp-content\/uploads\/2013\/02\/13_sofar_j%C3%BAnius_kisebb.pdf\" target=\"_blank\" rel=\"noopener noreferrer\">XVI. \u00e9vfolyam 3. sz\u00e1m&nbsp;(2013 j\u00fanius)<\/a><\/li>\n<li><a title=\"XVI\/1 2013 febru\u00e1r\" href=\"https:\/\/sofar-ujsag.hu\/wp-content\/uploads\/2013\/02\/13_sofar_aug_lq.pdf\" target=\"_blank\" rel=\"noopener noreferrer\">XVI. \u00e9vfolyam 4. sz\u00e1m&nbsp;(2013 augusztus)<\/a><\/li>\n<li><a title=\"XVI\/1 2013 febru\u00e1r\" href=\"https:\/\/sofar-ujsag.hu\/wp-content\/uploads\/2013\/11\/13_sofar_nov_05_web.pdf\" target=\"_blank\" rel=\"noopener noreferrer\">XVI. \u00e9vfolyam 5. sz\u00e1m&nbsp;(2013 november)<\/a><\/li>\n<\/ul>\n<p><strong>XV. \u00c9vfolyam (2012):<\/strong><\/p>\n<ul>\n<li><a title=\"XV\/1 2012 febru\u00e1r\" href=\"https:\/\/sofar-ujsag.hu\/wp-content\/uploads\/2013\/02\/XV-1.pdf\" target=\"_blank\" rel=\"noopener noreferrer\">XV. \u00e9vfolyam 1. sz\u00e1m (2012 febru\u00e1r)<\/a><\/li>\n<li><a href=\"https:\/\/sofar-ujsag.hu\/wp-content\/uploads\/2013\/02\/XV-2.pdf\" target=\"_blank\" rel=\"noopener noreferrer\">XV. \u00e9vfolyam 2. sz\u00e1m (2012 \u00e1prilis)<\/a><\/li>\n<li><a href=\"https:\/\/sofar-ujsag.hu\/wp-content\/uploads\/2013\/02\/XV-3.pdf\" target=\"_blank\" rel=\"noopener noreferrer\">XV. \u00e9vfolyam 3. sz\u00e1m (2012 j\u00fanius)<\/a><\/li>\n<li><a href=\"https:\/\/sofar-ujsag.hu\/wp-content\/uploads\/2013\/02\/XV-4.pdf\" target=\"_blank\" rel=\"noopener noreferrer\">XV. \u00e9vfolyam 4. sz\u00e1m (2012 augusztus)<\/a><\/li>\n<li><a title=\"XV\/5 2012 november\" href=\"https:\/\/sofar-ujsag.hu\/wp-content\/uploads\/2013\/02\/XV-5.pdf\" target=\"_blank\" rel=\"noopener noreferrer\">XV. \u00e9vfolyam 5. sz\u00e1m (2012 november)<\/a><\/li>\n<\/ul>\n<p><strong>XIV. \u00c9vfolyam (2011):<\/strong><\/p>\n<ul>\n<li><a href=\"https:\/\/sofar-ujsag.hu\/wp-content\/uploads\/2013\/02\/XIV-1.pdf\" target=\"_blank\" rel=\"noopener noreferrer\">XIV. \u00e9vfolyam 1. sz\u00e1m (2011 febru\u00e1r)<\/a><\/li>\n<li><a href=\"https:\/\/sofar-ujsag.hu\/wp-content\/uploads\/2013\/02\/XIV-2.pdf\" target=\"_blank\" rel=\"noopener noreferrer\">XIV. \u00e9vfolyam 2. sz\u00e1m (2011 m\u00e1jus)<\/a><\/li>\n<li><a href=\"https:\/\/sofar-ujsag.hu\/wp-content\/uploads\/2013\/02\/XIV-3.pdf\" target=\"_blank\" rel=\"noopener noreferrer\">XIV. \u00e9vfolyam 3. sz\u00e1m (2011 j\u00falius)<\/a><\/li>\n<li><a href=\"https:\/\/sofar-ujsag.hu\/wp-content\/uploads\/2013\/02\/XIV-4.pdf\" target=\"_blank\" rel=\"noopener noreferrer\">XIV. \u00e9vfolyam 4. sz\u00e1m (2011 szeptember)<\/a><\/li>\n<li><a href=\"https:\/\/sofar-ujsag.hu\/wp-content\/uploads\/2013\/02\/XIV-5.pdf\" target=\"_blank\" rel=\"noopener noreferrer\">XIV. \u00e9vfolyam 5. sz\u00e1m (2011 december)<\/a><\/li>\n<\/ul>\n<p><strong>XIII. \u00c9vfolyam (2010):<\/strong><\/p>\n<ul>\n<li><a title=\"S\u00f3f\u00e1r 2010 febru\u00e1r\" href=\"https:\/\/sofar-ujsag.hu\/wp-content\/uploads\/2013\/02\/XIII-1.pdf\" target=\"_blank\" rel=\"noopener noreferrer\">XIII. \u00e9vfolyam 1. sz\u00e1m (2010 febru\u00e1r)<\/a><\/li>\n<li><a title=\"S\u00f3f\u00e1r 2010 \u00e1prilis\" href=\"https:\/\/sofar-ujsag.hu\/wp-content\/uploads\/2013\/02\/XIII-2.pdf\" target=\"_blank\" rel=\"noopener noreferrer\">XIII. \u00e9vfolyam 2. sz\u00e1m (2010 \u00e1prilis)<\/a><\/li>\n<li><a title=\"S\u00f3f\u00e1r 2010 j\u00fanius\" href=\"https:\/\/sofar-ujsag.hu\/wp-content\/uploads\/2013\/02\/XIII-3.pdf\" target=\"_blank\" rel=\"noopener noreferrer\">XIII. \u00e9vfolyam 3. sz\u00e1m (2010 j\u00fanius)<\/a><\/li>\n<li><a title=\"S\u00f3f\u00e1r 2010 augusztus\" href=\"https:\/\/sofar-ujsag.hu\/wp-content\/uploads\/2013\/02\/XIII-4.pdf\" target=\"_blank\" rel=\"noopener noreferrer\">XIII. \u00e9vfolyam 4. sz\u00e1m (2010 augusztus)<\/a><\/li>\n<li><a title=\"S\u00f3f\u00e1r 2010 november\" href=\"https:\/\/sofar-ujsag.hu\/wp-content\/uploads\/2013\/02\/XIII-5.pdf\" target=\"_blank\" rel=\"noopener noreferrer\">XIII. \u00e9vfolyam 5. sz\u00e1m (2010 november)<\/a><\/li>\n<\/ul>\n<p><strong>XII. \u00c9vfolyam (2008-2009):<\/strong><\/p>\n<ul>\n<li><a href=\"https:\/\/sofar-ujsag.hu\/wp-content\/uploads\/2013\/02\/sof-12-1-web.pdf\">XII. \u00e9vfolyam 1. sz\u00e1m (2008 december).<\/a><\/li>\n<li><a href=\"https:\/\/sofar-ujsag.hu\/wp-content\/uploads\/2013\/02\/sof-12-2-web.pdf\">XII. \u00e9vfolyam 2. sz\u00e1m (2009 \u00e1prilis).<\/a><\/li>\n<li><a href=\"https:\/\/sofar-ujsag.hu\/wp-content\/uploads\/2013\/02\/sof-12-3-web.pdf\">XII. \u00e9vfolyam 3. sz\u00e1m (2009 j\u00fanius).<\/a><\/li>\n<\/ul>\n<p><strong>XI. \u00c9vfolyam (2007-2008):<\/strong><\/p>\n<ul>\n<li><a href=\"https:\/\/sofar-ujsag.hu\/wp-content\/uploads\/2013\/02\/sof-11-1-web.pdf\">XI. \u00e9vfolyam 1. sz\u00e1m (2007 november).<\/a><\/li>\n<li><a href=\"https:\/\/sofar-ujsag.hu\/wp-content\/uploads\/2013\/02\/sof-11-2-web.pdf\">XI. \u00e9vfolyam 2. sz\u00e1m (2008 m\u00e1rcius).<\/a><\/li>\n<li><a href=\"https:\/\/sofar-ujsag.hu\/wp-content\/uploads\/2013\/02\/sof-11-3-web.pdf\">XI. \u00e9vfolyam 3. sz\u00e1m (2008 \u00e1prilis).<\/a><\/li>\n<li><a href=\"https:\/\/sofar-ujsag.hu\/wp-content\/uploads\/2013\/02\/sof-11-4-web.pdf\">XI. \u00e9vfolyam 4. sz\u00e1m (2008 j\u00falius).<\/a><\/li>\n<li><a href=\"https:\/\/sofar-ujsag.hu\/wp-content\/uploads\/2013\/02\/sof-11-5-web.pdf\">XI. \u00e9vfolyam 5. sz\u00e1m (2008 szeptember).<\/a><\/li>\n<\/ul>\n<p><strong>X. \u00c9vfolyam (2006-2007):<\/strong><\/p>\n<ul>\n<li><a href=\"https:\/\/sofar-ujsag.hu\/wp-content\/uploads\/2013\/02\/sof-10-1-web.pdf\">X. \u00e9vfolyam 1. sz\u00e1m (2006 december).<\/a><\/li>\n<li><a href=\"https:\/\/sofar-ujsag.hu\/wp-content\/uploads\/2013\/02\/sof-10-2-web.pdf\">X. \u00e9vfolyam 2. sz\u00e1m (2007 febru\u00e1r).<\/a><\/li>\n<li><a href=\"https:\/\/sofar-ujsag.hu\/wp-content\/uploads\/2013\/02\/sof-10-3-web.pdf\">X. \u00e9vfolyam 3. sz\u00e1m (2007 m\u00e1rcius).<\/a><\/li>\n<li><a href=\"https:\/\/sofar-ujsag.hu\/wp-content\/uploads\/2013\/02\/sof-10-4-web.pdf\">X. \u00e9vfolyam 4. sz\u00e1m (2007 m\u00e1jus).<\/a><\/li>\n<li><a href=\"https:\/\/sofar-ujsag.hu\/wp-content\/uploads\/2013\/02\/sof-10-5-web.pdf\">X. \u00e9vfolyam 5. sz\u00e1m (2007 szeptember).<\/a><\/li>\n<\/ul>\n<p><strong>IX. \u00c9vfolyam (2005-2006):<\/strong><\/p>\n<ul>\n<li><a href=\"https:\/\/sofar-ujsag.hu\/wp-content\/uploads\/2013\/02\/sof-9-1-web.pdf\">IX. \u00e9vfolyam 1. sz\u00e1m (2005 december).<\/a><\/li>\n<li><a href=\"https:\/\/sofar-ujsag.hu\/wp-content\/uploads\/2013\/02\/sof-9-2-web.pdf\">IX. \u00e9vfolyam 2. sz\u00e1m (2006 m\u00e1rcius).<\/a><\/li>\n<li><a href=\"https:\/\/sofar-ujsag.hu\/wp-content\/uploads\/2013\/02\/sof-9-3-web.pdf\">IX. \u00e9vfolyam 3. sz\u00e1m (2006 \u00e1prilis).<\/a><\/li>\n<li><a href=\"https:\/\/sofar-ujsag.hu\/wp-content\/uploads\/2013\/02\/sof-9-4-web.pdf\">IX. \u00e9vfolyam 4. sz\u00e1m (2006 m\u00e1jus).<\/a><\/li>\n<li><a href=\"https:\/\/sofar-ujsag.hu\/wp-content\/uploads\/2013\/02\/sof-9-5-6-web.pdf\">IX. \u00e9vfolyam 5 \u00e9s 6. sz\u00e1m (2006 szeptember).<\/a><\/li>\n<\/ul>\n<p><strong>VIII. \u00c9vfolyam (2004-2005):<\/strong><\/p>\n<ul>\n<li><a href=\"https:\/\/sofar-ujsag.hu\/wp-content\/uploads\/2013\/02\/sof-8-1-web.pdf\">VIII. \u00e9vfolyam 1. sz\u00e1m (2004 december).<\/a><\/li>\n<li><a href=\"https:\/\/sofar-ujsag.hu\/wp-content\/uploads\/2013\/02\/sof-8-2-web.pdf\">VIII. \u00e9vfolyam 2. sz\u00e1m (2005 m\u00e1rcius).<\/a><\/li>\n<li><a href=\"https:\/\/sofar-ujsag.hu\/wp-content\/uploads\/2013\/02\/sof-8-3-web.pdf\">VIII. \u00e9vfolyam 3. sz\u00e1m (2005 \u00e1prilis).<\/a><\/li>\n<li><a href=\"https:\/\/sofar-ujsag.hu\/wp-content\/uploads\/2013\/02\/sof-8-4-web.pdf\">VIII. \u00e9vfolyam 4. sz\u00e1m (2005 j\u00fanius).<\/a><\/li>\n<li><a href=\"https:\/\/sofar-ujsag.hu\/wp-content\/uploads\/2013\/02\/sof-8-5-web.pdf\">VIII. \u00e9vfolyam 5. sz\u00e1m (2005 szeptember).<\/a><\/li>\n<\/ul>\n<p><strong>VII. \u00c9vfolyam (2003-2004):<\/strong><\/p>\n<ul>\n<li><a href=\"https:\/\/sofar-ujsag.hu\/wp-content\/uploads\/2013\/02\/sof7-1-web.pdf\">VII. \u00e9vfolyam 1. sz\u00e1m (2003 december)<\/a><\/li>\n<li><a href=\"https:\/\/sofar-ujsag.hu\/wp-content\/uploads\/2013\/02\/sof7-2-web.pdf\">VII. \u00e9vfolyam 2. sz\u00e1m (2004 febru\u00e1r)<\/a><\/li>\n<li><a href=\"https:\/\/sofar-ujsag.hu\/wp-content\/uploads\/2013\/02\/sof7-3-web.pdf\">VII. \u00e9vfolyam 3. sz\u00e1m (2004 \u00e1prilis)<\/a><\/li>\n<li><a href=\"https:\/\/sofar-ujsag.hu\/wp-content\/uploads\/2013\/02\/sof7-4-web.pdf\">VII. \u00e9vfolyam 4. sz\u00e1m (2004 m\u00e1jus)<\/a><\/li>\n<li><a href=\"https:\/\/sofar-ujsag.hu\/wp-content\/uploads\/2013\/02\/sof-7-5-web.pdf\">VII. \u00e9vfolyam 5. sz\u00e1m (2004 j\u00falius)<\/a><\/li>\n<li><a href=\"https:\/\/sofar-ujsag.hu\/wp-content\/uploads\/2013\/02\/sof-7-6-web.pdf\">VII. \u00e9vfolyam 6. sz\u00e1m (2004 szeptember)<\/a><\/li>\n<\/ul>\n<p><strong>VI. \u00c9vfolyam (2002-2003):<\/strong><\/p>\n<ul>\n<li><a href=\"https:\/\/sofar-ujsag.hu\/wp-content\/uploads\/2013\/02\/sof-6-1-web.pdf\">VI. \u00e9vfolyam 1. sz\u00e1m (2002 december)<\/a><\/li>\n<li><a href=\"https:\/\/sofar-ujsag.hu\/wp-content\/uploads\/2013\/02\/sof-6-3-web.pdf\">VI. \u00e9vfolyam 3. sz\u00e1m (2003 szeptember)<\/a><\/li>\n<\/ul>\n<p><strong>V. \u00c9vfolyam (2001-2002):<\/strong><\/p>\n<ul>\n<li><a href=\"https:\/\/sofar-ujsag.hu\/wp-content\/uploads\/2013\/02\/sof-5-1-web.pdf\">V. \u00e9vfolyam 1. sz\u00e1m (2001 december)<\/a><\/li>\n<li><a href=\"https:\/\/sofar-ujsag.hu\/wp-content\/uploads\/2013\/02\/sof-5-2-web.pdf\">V. \u00e9vfolyam 2. sz\u00e1m (2002 febru\u00e1r)<\/a><\/li>\n<li><a href=\"https:\/\/sofar-ujsag.hu\/wp-content\/uploads\/2013\/02\/sof-5-3-web.pdf\">V. \u00e9vfolyam 3. sz\u00e1m (2002 j\u00fanius)<\/a><\/li>\n<li><a href=\"https:\/\/sofar-ujsag.hu\/wp-content\/uploads\/2013\/02\/sof-5-4-web.pdf\">V. \u00e9vfolyam 4. sz\u00e1m (2002 augusztus)<\/a><\/li>\n<\/ul>\n<p><strong>IV. \u00c9vfolyam (2001):<\/strong><\/p>\n<ul>\n<li><a href=\"https:\/\/sofar-ujsag.hu\/wp-content\/uploads\/2013\/02\/sof-4-1-web.pdf\">IV. \u00e9vfolyam 1. sz\u00e1m (2001 febru\u00e1r)<\/a><\/li>\n<li><a href=\"https:\/\/sofar-ujsag.hu\/wp-content\/uploads\/2013\/02\/sof-4-2-web.pdf\">IV. \u00e9vfolyam 2. sz\u00e1m (2001 m\u00e1rcius)<\/a><\/li>\n<li><a href=\"https:\/\/sofar-ujsag.hu\/wp-content\/uploads\/2013\/02\/sof-4-3-web.pdf\">IV. \u00e9vfolyam 3. sz\u00e1m (2001 augusztus)<\/a><\/li>\n<\/ul>\n<p><strong>III. \u00c9vfolyam (1999-2000):<\/strong><\/p>\n<ul>\n<li><a href=\"https:\/\/sofar-ujsag.hu\/wp-content\/uploads\/2013\/02\/sof-3-1-web.pdf\">III. \u00e9vfolyam 1. sz\u00e1m (1999 november)<\/a><\/li>\n<li><a href=\"https:\/\/sofar-ujsag.hu\/wp-content\/uploads\/2013\/02\/sof-3-2-web.pdf\">III. \u00e9vfolyam 2. sz\u00e1m (2000 m\u00e1rcius)<\/a><\/li>\n<li><a href=\"https:\/\/sofar-ujsag.hu\/wp-content\/uploads\/2013\/02\/sof-3-3-web.pdf\">III. \u00e9vfolyam 3. sz\u00e1m (2000 m\u00e1jus)<\/a><\/li>\n<li><a href=\"https:\/\/sofar-ujsag.hu\/wp-content\/uploads\/2013\/02\/sof-3-4-web.pdf\">III. \u00e9vfolyam 4. sz\u00e1m (2000 j\u00falius)<\/a><\/li>\n<li><a href=\"https:\/\/sofar-ujsag.hu\/wp-content\/uploads\/2013\/02\/sof-3-5-web.pdf\">III. \u00e9vfolyam 5. sz\u00e1m (2000 szeptember)<\/a><\/li>\n<\/ul>\n<p><strong>II. \u00c9vfolyam (1998-1999):<\/strong><\/p>\n<ul>\n<li><a href=\"https:\/\/sofar-ujsag.hu\/wp-content\/uploads\/2013\/02\/sof-2-2-web.pdf\">II. \u00e9vfolyam 2. sz\u00e1m (1998 december)<\/a><\/li>\n<li><a href=\"https:\/\/sofar-ujsag.hu\/wp-content\/uploads\/2013\/02\/sof-2-3-web.pdf\">II. \u00e9vfolyam 3. sz\u00e1m (1999 febru\u00e1r)<\/a><\/li>\n<li><a href=\"https:\/\/sofar-ujsag.hu\/wp-content\/uploads\/2013\/02\/sof-2-4-web.pdf\">II. \u00e9vfolyam 4. sz\u00e1m (1999 m\u00e1rcius)<\/a><\/li>\n<li><a href=\"https:\/\/sofar-ujsag.hu\/wp-content\/uploads\/2013\/02\/sof-2-5-web.pdf\">II. \u00e9vfolyam 5. sz\u00e1m (1999 m\u00e1jus)<\/a><\/li>\n<li><a href=\"https:\/\/sofar-ujsag.hu\/wp-content\/uploads\/2013\/02\/sof-2-6-web.pdf\">II. \u00e9vfolyam 6. sz\u00e1m (1999 augusztus)<\/a><\/li>\n<\/ul>\n<p><strong>I. \u00c9vfolyam (1997-1998):<\/strong><\/p>\n<ul>\n<li><a href=\"https:\/\/sofar-ujsag.hu\/wp-content\/uploads\/2013\/02\/sof-1-1-web.pdf\">I. \u00e9vfolyam 1. sz\u00e1m (1997 november)<\/a><\/li>\n<li><a href=\"https:\/\/sofar-ujsag.hu\/wp-content\/uploads\/2013\/02\/sof-1-2-web.pdf\">I. \u00e9vfolyam 2. sz\u00e1m (1997 december)<\/a><\/li>\n<li><a href=\"https:\/\/sofar-ujsag.hu\/wp-content\/uploads\/2013\/02\/sof-1-3-web.pdf\">I. \u00e9vfolyam 3. sz\u00e1m (1998 janu\u00e1r)<\/a><\/li>\n<li><a href=\"https:\/\/sofar-ujsag.hu\/wp-content\/uploads\/2013\/02\/sof-1-4-web.pdf\">I. \u00e9vfolyam 4. sz\u00e1m (1998 m\u00e1rcius 06)<\/a><\/li>\n<li><a href=\"https:\/\/sofar-ujsag.hu\/wp-content\/uploads\/2013\/02\/sof-1-5-web.pdf\">I. \u00e9vfolyam 5. sz\u00e1m (1998 m\u00e1rcius 31)<\/a><\/li>\n<li><a href=\"https:\/\/sofar-ujsag.hu\/wp-content\/uploads\/2013\/02\/sof-1-6-web.pdf\">I. \u00e9vfolyam 6. sz\u00e1m (1998 \u00e1prilis)<\/a><\/li>\n<li><a href=\"https:\/\/sofar-ujsag.hu\/wp-content\/uploads\/2013\/02\/sof-1-7-web.pdf\">I. \u00e9vfolyam 7. sz\u00e1m (1998 j\u00fanius)<\/a><\/li>\n<li><a href=\"https:\/\/sofar-ujsag.hu\/wp-content\/uploads\/2013\/02\/sof-1-8-web.pdf\">I. \u00e9vfolyam 8. sz\u00e1m (1998 j\u00falius)<\/a><\/li>\n<li><a href=\"https:\/\/sofar-ujsag.hu\/wp-content\/uploads\/2013\/02\/sof-1-9-web.pdf\">I. \u00e9vfolyam 9. sz\u00e1m (1998 augusztus)<\/a><\/li>\n<li><a href=\"https:\/\/sofar-ujsag.hu\/wp-content\/uploads\/2013\/02\/sof-1-10-web.pdf\">I. \u00e9vfolyam 10. sz\u00e1m (1998 szeptember)<\/a><\/li>\n<\/ul>\n\n\n<ul>\n<li><\/li>\n<\/ul>\n\n\n\n<ul>\n<li><\/li>\n\n\n\n<li><\/li>\n<\/ul>\n\n\n\n<ul>\n<li><\/li>\n<\/ul>\n\n\n\n<ul>\n<li><\/li>\n<\/ul>\n\n\n\n<ul>\n<li><\/li>\n<\/ul>\n\n\n\n<ul>\n<li><\/li>\n<\/ul>\n\n\n\n<ul>\n<li><\/li>\n<\/ul>\n\n\n\n<p><\/p>\n","protected":false},"excerpt":{"rendered":"<p>A&nbsp;Ny\u00edregyh\u00e1zi Zsid\u00f3 Hitk\u00f6zs\u00e9g foly\u00f3irata A c\u00edmre kattintva megny\u00edlik az adott lapsz\u00e1m Kellemes b\u00f6ng\u00e9sz\u00e9st! A S\u00f3f\u00e1r-\u00dajs\u00e1g a MAZS\u00d6K t\u00e1mogat\u00e1s\u00e1val k\u00e9sz\u00fclt. XXVIII. \u00c9vfolyam (2025): XXVIII. \u00e9vfolyam 1. sz\u00e1m (2025 \u00e1prilis) XXVIII. \u00e9vfolyam 2. sz\u00e1m (2025 j\u00fanius) XXVIII. \u00e9vfolyam 3. sz\u00e1m (2025 augusztus) XXVIII. \u00e9vfolyam 4. sz\u00e1m (2025 okt\u00f3ber) XXVIII. \u00e9vfolyam 5. sz\u00e1m (2025 december) XXVII. \u00c9vfolyam (2024):<\/p>\n","protected":false},"author":1,"featured_media":0,"parent":0,"menu_order":0,"comment_status":"open","ping_status":"open","template":"","meta":{"ngg_post_thumbnail":0},"_links":{"self":[{"href":"https:\/\/sofar-ujsag.hu\/index.php?rest_route=\/wp\/v2\/pages\/12"}],"collection":[{"href":"https:\/\/sofar-ujsag.hu\/index.php?rest_route=\/wp\/v2\/pages"}],"about":[{"href":"https:\/\/sofar-ujsag.hu\/index.php?rest_route=\/wp\/v2\/types\/page"}],"author":[{"embeddable":true,"href":"https:\/\/sofar-ujsag.hu\/index.php?rest_route=\/wp\/v2\/users\/1"}],"replies":[{"embeddable":true,"href":"https:\/\/sofar-ujsag.hu\/index.php?rest_route=%2Fwp%2Fv2%2Fcomments&post=12"}],"version-history":[{"count":18,"href":"https:\/\/sofar-ujsag.hu\/index.php?rest_route=\/wp\/v2\/pages\/12\/revisions"}],"predecessor-version":[{"id":5391,"href":"https:\/\/sofar-ujsag.hu\/index.php?rest_route=\/wp\/v2\/pages\/12\/revisions\/5391"}],"wp:attachment":[{"href":"https:\/\/sofar-ujsag.hu\/index.php?rest_route=%2Fwp%2Fv2%2Fmedia&parent=12"}],"curies":[{"name":"wp","href":"https:\/\/api.w.org\/{rel}","templated":true}]}}